{"id":58111,"date":"2022-03-16T14:22:45","date_gmt":"2022-03-16T13:22:45","guid":{"rendered":"https:\/\/torronsfelix.com\/politica-de-privacidad\/"},"modified":"2024-09-09T13:36:53","modified_gmt":"2024-09-09T11:36:53","slug":"politica-de-privacidad","status":"publish","type":"page","link":"https:\/\/torronsfelix.com\/es\/politica-de-privacidad\/","title":{"rendered":"POL\u00cdTICA DE PRIVACIDAD"},"content":{"rendered":"\t\t<div data-elementor-type=\"wp-page\" data-elementor-id=\"58111\" class=\"elementor elementor-58111 elementor-53649\" data-elementor-post-type=\"page\">\n\t\t\t\t\t\t<section class=\"elementor-section elementor-top-section elementor-element elementor-element-816fef7 elementor-section-stretched elementor-section-boxed elementor-section-height-default elementor-section-height-default\" data-id=\"816fef7\" data-element_type=\"section\" data-settings=\"{&quot;stretch_section&quot;:&quot;section-stretched&quot;}\">\n\t\t\t\t\t\t<div class=\"elementor-container elementor-column-gap-default\">\n\t\t\t\t\t<div class=\"elementor-column elementor-col-100 elementor-top-column elementor-element elementor-element-8ad7cfa\" data-id=\"8ad7cfa\" data-element_type=\"column\">\n\t\t\t<div class=\"elementor-widget-wrap elementor-element-populated\">\n\t\t\t\t\t\t<section class=\"elementor-section elementor-inner-section elementor-element elementor-element-ef8557c elementor-section-boxed elementor-section-height-default elementor-section-height-default\" data-id=\"ef8557c\" data-element_type=\"section\">\n\t\t\t\t\t\t<div class=\"elementor-container elementor-column-gap-default\">\n\t\t\t\t\t<div class=\"elementor-column elementor-col-50 elementor-inner-column elementor-element elementor-element-b6ec57a\" data-id=\"b6ec57a\" data-element_type=\"column\">\n\t\t\t<div class=\"elementor-widget-wrap elementor-element-populated\">\n\t\t\t\t\t\t<div class=\"elementor-element elementor-element-478a943 elementor-widget elementor-widget-heading\" data-id=\"478a943\" data-element_type=\"widget\" data-widget_type=\"heading.default\">\n\t\t\t\t<div class=\"elementor-widget-container\">\n\t\t\t\t\t<h1 class=\"elementor-heading-title elementor-size-default\">POL\u00cdTICA DE PRIVACIDAD<\/h1>\t\t\t\t<\/div>\n\t\t\t\t<\/div>\n\t\t\t\t\t<\/div>\n\t\t<\/div>\n\t\t\t\t<div class=\"elementor-column elementor-col-50 elementor-inner-column elementor-element elementor-element-e561222\" data-id=\"e561222\" data-element_type=\"column\">\n\t\t\t<div class=\"elementor-widget-wrap elementor-element-populated\">\n\t\t\t\t\t\t<div class=\"elementor-element elementor-element-ed5df49 elementor-widget-divider--view-line elementor-widget elementor-widget-divider\" data-id=\"ed5df49\" data-element_type=\"widget\" data-widget_type=\"divider.default\">\n\t\t\t\t<div class=\"elementor-widget-container\">\n\t\t\t\t\t\t\t<div class=\"elementor-divider\">\n\t\t\t<span class=\"elementor-divider-separator\">\n\t\t\t\t\t\t<\/span>\n\t\t<\/div>\n\t\t\t\t\t\t<\/div>\n\t\t\t\t<\/div>\n\t\t\t\t\t<\/div>\n\t\t<\/div>\n\t\t\t\t\t<\/div>\n\t\t<\/section>\n\t\t\t\t<div class=\"elementor-element elementor-element-2842024 elementor-widget elementor-widget-text-editor\" data-id=\"2842024\" data-element_type=\"widget\" data-widget_type=\"text-editor.default\">\n\t\t\t\t<div class=\"elementor-widget-container\">\n\t\t\t\t\t\t\t\t\t<p>El presente Pol\u00edtica de Privacidad establece los t\u00e9rminos en los que TORRONS F\u00c8LIX usa y protege la informaci\u00f3n que es proporcionada por sus usuarios en el momento de utilizar su sitio web. Esta compa\u00f1\u00eda est\u00e1 comprometida con la seguridad de los datos de sus usuarios. Cuando le pedimos rellenar los campos de informaci\u00f3n personal con los que usted pueda ser identificado, lo hacemos asegurando que s\u00f3lo se utilizar\u00e1 de acuerdo con los t\u00e9rminos de este documento. Sin embargo esta Pol\u00edtica de Privacidad puede cambiar con el tiempo o ser actualizado por lo que le recomendamos y enfatizamos revisar continuamente esta p\u00e1gina para asegurar que est\u00e1 de acuerdo con estos cambios.   <\/p>\n<p><strong>INFORMACI\u00d3N QUE ES RECOGIDA<\/strong><br \/> Nuestro sitio web podr\u00e1 recoger informaci\u00f3n personal por ejemplo: Nombre, informaci\u00f3n de contacto como su direcci\u00f3n de correo electr\u00f3nico e informaci\u00f3n demogr\u00e1fica. Asimismo cuando sea posible que sea necesario solicitar informaci\u00f3n espec\u00edfica para procesar alg\u00fan pedido o realizar una entrega o facturaci\u00f3n. <\/p>\n<p><strong>USO DE LA INFORMACI\u00d3N RECOGIDA<\/strong><br \/> Nuestro sitio web utiliza la informaci\u00f3n con el fin de proporcionar el mejor servicio posible, particularmente para mantener un registro de usuarios, de pedidos en caso de que aplicaci\u00f3n, y mejorar nuestros productos y servicios. Es posible que sean enviados correos electr\u00f3nicos peri\u00f3dicamente a trav\u00e9s de nuestro sitio con ofertas especiales, nuevos productos y otra informaci\u00f3n publicitaria que consideremos relevante para usted o que pueda brindarle alg\u00fan beneficio, estos correos electr\u00f3nicos ser\u00e1n enviados a la direcci\u00f3n que usted proporcione y podr\u00e1n ser cancelados en cualquier momento. <\/p>\n<p>TORRONS F\u00c9LIX est\u00e1 altamente comprometido para cumplir con el compromiso de mantener su informaci\u00f3n segura. Usamos los sistemas m\u00e1s avanzados y los establecer\u00e1 para asegurarnos de que no exista ning\u00fan acceso no autorizado. <\/p>\n<p><strong>COOKIES<\/strong><br \/> Una cookie se refiere a un fichero que es enviado con el fin de solicitar permiso para almacenar en su ordenador, al aceptar este archivo se crea y la cookie sirve entonces para tener informaci\u00f3n respecto al tr\u00e1fico web, y tambi\u00e9n facilita las futuras visitas a una web recurrente. Otra funci\u00f3n que tienen las cookies es que con ellas las web pueden reconocerte individualmente y por tanto brindarte el mejor servicio personalizado de su web. <\/p>\n<p>Nuestro sitio web utiliza las cookies para poder identificar las p\u00e1ginas que son visitadas y su frecuencia. Esta informaci\u00f3n es utilizada \u00fanicamente para an\u00e1lisis estad\u00edstico y la informaci\u00f3n se elimina de forma permanente. Usted puede eliminar las cookies en cualquier momento desde su ordenador. Sin embargo las cookies ayudan a proporcionar un mejor servicio de los sitios web, est\u00e1s no dan acceso a informaci\u00f3n de su ni de usted, a menos que usted as\u00ed lo desee y la proporci\u00f3n directamente noticias. Usted puede aceptar o negar el uso de cookies; sin embargo la mayor\u00eda de navegadores aceptan cookies autom\u00e1ticamente porque sirve para tener un mejor servicio web. Tambi\u00e9n puede cambiar la configuraci\u00f3n de su ordenador para declinar las cookies. Si se declinan es posible que no pueda utilizar algunos de nuestros servicios.      <\/p>\n<p><strong>ENLACES A TERCEROS<\/strong><br \/> Este sitio web podr\u00eda contener en lazas a otros sitios que podr\u00edan ser de su inter\u00e9s. Una vez que usted de clic en estos enlaces y abandone nuestra p\u00e1gina, ya no tenemos control sobre el sitio al que es redirigido y por tanto no somos responsables de los t\u00e9rminos o privacidad ni de la protecci\u00f3n de sus datos en estos otros sitios terceros. Estos sitios est\u00e1n sujetos a sus propias pol\u00edticas de privacidad por lo que es recomendable que los consultados para confirmar que usted est\u00e1 de acuerdo con \u00e9stas.  <\/p>\n<p><strong>CONTROL DE SU INFORMACI\u00d3N PERSONAL<\/strong><br \/> En cualquier momento usted puede restringir la recopilaci\u00f3n o uso de la informaci\u00f3n personal que se proporciona en nuestro sitio web. Cada vez que se le solicite rellenar un formulario, como el de alta de usuario, puede marcar o desmarcar la opci\u00f3n de recibir informaci\u00f3n por correo electr\u00f3nico. En caso de que haya marcado la opci\u00f3n de recibir nuestro bolet\u00edn o publicidad, usted puede cancelarla en cualquier momento.  <\/p>\n<p>Esta compa\u00f1\u00eda no vender\u00e1, ceder\u00e1 ni distribuir\u00e1 la informaci\u00f3n personal que es recopilada sin su consentimiento, salvo que sea requerido por un juez con orden judicial.<\/p>\n<p>TURRONES F\u00c8LIX se reserva el derecho de cambiar los t\u00e9rminos de la presente Pol\u00edtica de Privacidad en cualquier momento.<\/p>\n\t\t\t\t\t\t\t\t<\/div>\n\t\t\t\t<\/div>\n\t\t\t\t\t<\/div>\n\t\t<\/div>\n\t\t\t\t\t<\/div>\n\t\t<\/section>\n\t\t\t\t<\/div>\n\t\t","protected":false},"excerpt":{"rendered":"<p>POL\u00cdTICA DE PRIVACIDAD El presente Pol\u00edtica de Privacidad establece los t\u00e9rminos en los que TORRONS F\u00c8LIX usa y protege la informaci\u00f3n que es proporcionada por sus usuarios en el momento de utilizar su sitio web. Esta compa\u00f1\u00eda est\u00e1 comprometida con la seguridad de los datos de sus usuarios. Cuando le pedimos rellenar los campos de [&hellip;]<\/p>\n","protected":false},"author":5,"featured_media":0,"parent":0,"menu_order":0,"comment_status":"closed","ping_status":"closed","template":"","meta":{"_acf_changed":false,"footnotes":""},"class_list":["post-58111","page","type-page","status-publish","hentry"],"acf":[],"_links":{"self":[{"href":"https:\/\/torronsfelix.com\/es\/wp-json\/wp\/v2\/pages\/58111"}],"collection":[{"href":"https:\/\/torronsfelix.com\/es\/wp-json\/wp\/v2\/pages"}],"about":[{"href":"https:\/\/torronsfelix.com\/es\/wp-json\/wp\/v2\/types\/page"}],"author":[{"embeddable":true,"href":"https:\/\/torronsfelix.com\/es\/wp-json\/wp\/v2\/users\/5"}],"replies":[{"embeddable":true,"href":"https:\/\/torronsfelix.com\/es\/wp-json\/wp\/v2\/comments?post=58111"}],"version-history":[{"count":0,"href":"https:\/\/torronsfelix.com\/es\/wp-json\/wp\/v2\/pages\/58111\/revisions"}],"wp:attachment":[{"href":"https:\/\/torronsfelix.com\/es\/wp-json\/wp\/v2\/media?parent=58111"}],"curies":[{"name":"wp","href":"https:\/\/api.w.org\/{rel}","templated":true}]}}