{"id":58121,"date":"2022-03-16T14:24:38","date_gmt":"2022-03-16T13:24:38","guid":{"rendered":"https:\/\/torronsfelix.com\/terminos-y-condiciones\/"},"modified":"2024-09-09T13:43:50","modified_gmt":"2024-09-09T11:43:50","slug":"terminos-y-condiciones","status":"publish","type":"page","link":"https:\/\/torronsfelix.com\/es\/terminos-y-condiciones\/","title":{"rendered":"T\u00c9RMINOS Y CONDICIONES"},"content":{"rendered":"\t\t<div data-elementor-type=\"wp-page\" data-elementor-id=\"58121\" class=\"elementor elementor-58121 elementor-53653\" data-elementor-post-type=\"page\">\n\t\t\t\t\t\t<section class=\"elementor-section elementor-top-section elementor-element elementor-element-0341a9a elementor-section-stretched elementor-section-boxed elementor-section-height-default elementor-section-height-default\" data-id=\"0341a9a\" data-element_type=\"section\" data-settings=\"{&quot;stretch_section&quot;:&quot;section-stretched&quot;}\">\n\t\t\t\t\t\t<div class=\"elementor-container elementor-column-gap-default\">\n\t\t\t\t\t<div class=\"elementor-column elementor-col-100 elementor-top-column elementor-element elementor-element-e091c4e\" data-id=\"e091c4e\" data-element_type=\"column\">\n\t\t\t<div class=\"elementor-widget-wrap elementor-element-populated\">\n\t\t\t\t\t\t<section class=\"elementor-section elementor-inner-section elementor-element elementor-element-6ead451 elementor-section-boxed elementor-section-height-default elementor-section-height-default\" data-id=\"6ead451\" data-element_type=\"section\">\n\t\t\t\t\t\t<div class=\"elementor-container elementor-column-gap-default\">\n\t\t\t\t\t<div class=\"elementor-column elementor-col-50 elementor-inner-column elementor-element elementor-element-53f093b\" data-id=\"53f093b\" data-element_type=\"column\">\n\t\t\t<div class=\"elementor-widget-wrap elementor-element-populated\">\n\t\t\t\t\t\t<div class=\"elementor-element elementor-element-03c2d07 elementor-widget elementor-widget-heading\" data-id=\"03c2d07\" data-element_type=\"widget\" data-widget_type=\"heading.default\">\n\t\t\t\t<div class=\"elementor-widget-container\">\n\t\t\t\t\t<h1 class=\"elementor-heading-title elementor-size-default\">T\u00c9RMINOS Y CONDICIONES<\/h1>\t\t\t\t<\/div>\n\t\t\t\t<\/div>\n\t\t\t\t\t<\/div>\n\t\t<\/div>\n\t\t\t\t<div class=\"elementor-column elementor-col-50 elementor-inner-column elementor-element elementor-element-c3e3cb2\" data-id=\"c3e3cb2\" data-element_type=\"column\">\n\t\t\t<div class=\"elementor-widget-wrap elementor-element-populated\">\n\t\t\t\t\t\t<div class=\"elementor-element elementor-element-db72e43 elementor-widget-divider--view-line elementor-widget elementor-widget-divider\" data-id=\"db72e43\" data-element_type=\"widget\" data-widget_type=\"divider.default\">\n\t\t\t\t<div class=\"elementor-widget-container\">\n\t\t\t\t\t\t\t<div class=\"elementor-divider\">\n\t\t\t<span class=\"elementor-divider-separator\">\n\t\t\t\t\t\t<\/span>\n\t\t<\/div>\n\t\t\t\t\t\t<\/div>\n\t\t\t\t<\/div>\n\t\t\t\t\t<\/div>\n\t\t<\/div>\n\t\t\t\t\t<\/div>\n\t\t<\/section>\n\t\t\t\t<div class=\"elementor-element elementor-element-df2e1b8 elementor-widget elementor-widget-text-editor\" data-id=\"df2e1b8\" data-element_type=\"widget\" data-widget_type=\"text-editor.default\">\n\t\t\t\t<div class=\"elementor-widget-container\">\n\t\t\t\t\t\t\t\t\t<p><strong>TORRONS F\u00c8LIX<\/strong><\/p>\n<p>Es requisito necesario para la adquisici\u00f3n de los productos que se ofrecen en este sitio, que lea y acepte los siguientes T\u00e9rminos y Condiciones que a continuaci\u00f3n se redactan. El uso de nuestros servicios as\u00ed como la compra de nuestros productos implicar\u00e1 que usted ha le\u00eddo y aceptado los T\u00e9rminos y Condiciones de Uso en el presente documento. Todas los productos que son ofrecidos por nuestro sitio web pudieran ser creadas, cobradas, enviadas o presentadas por una p\u00e1gina web tercera y en tal caso estar\u00edan sujetas a sus propios T\u00e9rminos y Condiciones. En algunos casos, para adquirir un producto, ser\u00e1 necesario el registro por parte del usuario, con ingreso de datos personales fidedignos y definici\u00f3n de una contrase\u00f1a.   <\/p>\n<p>El usuario puede elegir y cambiar la clave para su acceso de administraci\u00f3n de cuenta en cualquier momento, en caso de que se haya registrado y que sea necesario para la compra de alguno de nuestros productos. TORRONS F\u00c8LIX no asume la responsabilidad en caso de que entregue esta clave a terceros. <\/p>\n<p>Todas las compras y transacciones que se lleven a cabo a trav\u00e9s de este sitio web, est\u00e1n sujetas a un proceso de confirmaci\u00f3n y verificaci\u00f3n, que podr\u00eda incluir la verificaci\u00f3n del stock y disponibilidad de producto, validaci\u00f3n de la forma de pago, validaci\u00f3n de la factura (en caso de existir) y el cumplimiento de las condiciones requeridas por el medio de pago seleccionado. En algunos casos puede que se requiera una verificaci\u00f3n por medio de correo electr\u00f3nico. <\/p>\n<p>Los precios de los productos ofrecidos en esta Tienda Online es v\u00e1lido solo en las compras realizadas en este sitio web.<\/p>\n<p><strong>LICENCIA<\/strong><\/p>\n<p>TORRONS F\u00c8LIX a trav\u00e9s de su sitio web concede una licencia para que los usuarios utilicen los productos que son vendidos en este sitio web de acuerdo con los T\u00e9rminos y Condiciones que se describen en este documento.<\/p>\n<p><strong>USO NO AUTORIZADO<\/strong><\/p>\n<p>En caso de que aplique (para venta de software, templets, u otro producto de dise\u00f1o y programaci\u00f3n) usted no puede colocar uno de nuestros productos, modificado o sin modificar, en un CD, sitio web o ning\u00fan otro medio y ofrecer para la redistribuci\u00f3n o reventa de ning\u00fan tipo.<\/p>\n<p><strong>PROPIEDAD<\/strong><\/p>\n<p>Usted no puede declarar propiedad intelectual o exclusiva a ninguno de nuestros productos, modificado o sin modificarlo. Todos los productos son propiedad de los proveedores de contenido. En caso de que no se especifique lo contrario, nuestros productos se proporcionan sin ning\u00fan tipo de garant\u00eda, expresa o impl\u00edcita. En ninguna esta compa\u00f1\u00eda ser\u00e1 responsables de ning\u00fan da\u00f1o incluyendo, pero no limitado a, da\u00f1os directos, indirectos, especiales, fortuitos o consecuentes u otras p\u00e9rdidas resultantes del uso o de la imposibilidad de utilizar nuestros productos.   <\/p>\n<p><strong>POL\u00cdTICA DE REEMBOLSO Y GARANT\u00cdA<\/strong><\/p>\n<p>En el caso de productos que sean mercanc\u00edas irrevocables no-tangibles, no realizamos reembolsos despu\u00e9s de que se env\u00ede el producto, usted tiene la responsabilidad de entenderlo antes de comprarlo. Le pedimos que lea cuidadosamente antes de comprarlo. Hagamos s\u00f3lo excepciones con esta regla cuando la descripci\u00f3n no se ajusta al producto. Hay algunos productos que pudieran tener garant\u00eda y posibilidad de reembolso pero \u00e9ste ser\u00e1 especificado al comprar el producto. En tales casos, la garant\u00eda s\u00f3lo cubrir\u00e1 los desperfectos de f\u00e1brica y s\u00f3lo se har\u00e1 efectiva cuando el producto se haya usado correctamente. La garant\u00eda no cubre aver\u00edas o da\u00f1os ocasionados por uso indebido. Los t\u00e9rminos de la garant\u00eda est\u00e1n asociados a los desperfectos de fabricaci\u00f3n y funcionamiento en condiciones normales de los productos y s\u00f3lo se har\u00e1n efectivos estos t\u00e9rminos si el equipo se ha usado correctamente. Esto incluye:       <\/p>\n<p>\u2013 De acuerdo con las especificaciones t\u00e9cnicas indicadas para cada producto.<br \/>&#8211; En condiciones ambientales de acuerdo con las especificaciones indicadas por el fabricante.<br \/>\u2013 En uso espec\u00edfico para la funci\u00f3n con la que fue dise\u00f1ado de f\u00e1brica.<br \/>\u2013 En condiciones de operaci\u00f3n el\u00e9ctricas de acuerdo con las especificaciones y tolerancias indicadas.<\/p>\n<p><strong>COMPROBACI\u00d3N ANTIFRAUDE<\/strong><\/p>\n<p>La compra del cliente puede aplazarse para la comprobaci\u00f3n antifraude. Tambi\u00e9n puede ser suspendida por m\u00e1s tiempo para una b\u00fasqueda m\u00e1s rigurosa, para evitar transacciones fraudulentas. <\/p>\n<p><strong>PRIVACIDAD<\/strong><\/p>\n<p>TORRONS F\u00c8LIX garantiza que la informaci\u00f3n personal que usted env\u00eda cuenta con la seguridad necesaria. Los datos ingresados por usuario o en caso de requerir una validaci\u00f3n de los pedidos no ser\u00e1n entregados a terceros, salvo que deba ser revelado en cumplimiento a una orden judicial o requerimientos legales. <\/p>\n<p>La suscripci\u00f3n a boletines de correos electr\u00f3nicos publicitarios es voluntaria y podr\u00eda ser seleccionada en el momento de crear su cuenta.<\/p>\n<p>TORRONS F\u00c8LIX reserva los derechos de cambiar o modificar estos t\u00e9rminos sin previo aviso.<\/p>\n\t\t\t\t\t\t\t\t<\/div>\n\t\t\t\t<\/div>\n\t\t\t\t\t<\/div>\n\t\t<\/div>\n\t\t\t\t\t<\/div>\n\t\t<\/section>\n\t\t\t\t<\/div>\n\t\t","protected":false},"excerpt":{"rendered":"<p>T\u00c9RMINOS Y CONDICIONES TORRONS F\u00c8LIX Es requisito necesario para la adquisici\u00f3n de los productos que se ofrecen en este sitio, que lea y acepte los siguientes T\u00e9rminos y Condiciones que a continuaci\u00f3n se redactan. El uso de nuestros servicios as\u00ed como la compra de nuestros productos implicar\u00e1 que usted ha le\u00eddo y aceptado los T\u00e9rminos [&hellip;]<\/p>\n","protected":false},"author":5,"featured_media":0,"parent":0,"menu_order":0,"comment_status":"closed","ping_status":"closed","template":"","meta":{"_acf_changed":false,"footnotes":""},"class_list":["post-58121","page","type-page","status-publish","hentry"],"acf":[],"_links":{"self":[{"href":"https:\/\/torronsfelix.com\/es\/wp-json\/wp\/v2\/pages\/58121"}],"collection":[{"href":"https:\/\/torronsfelix.com\/es\/wp-json\/wp\/v2\/pages"}],"about":[{"href":"https:\/\/torronsfelix.com\/es\/wp-json\/wp\/v2\/types\/page"}],"author":[{"embeddable":true,"href":"https:\/\/torronsfelix.com\/es\/wp-json\/wp\/v2\/users\/5"}],"replies":[{"embeddable":true,"href":"https:\/\/torronsfelix.com\/es\/wp-json\/wp\/v2\/comments?post=58121"}],"version-history":[{"count":0,"href":"https:\/\/torronsfelix.com\/es\/wp-json\/wp\/v2\/pages\/58121\/revisions"}],"wp:attachment":[{"href":"https:\/\/torronsfelix.com\/es\/wp-json\/wp\/v2\/media?parent=58121"}],"curies":[{"name":"wp","href":"https:\/\/api.w.org\/{rel}","templated":true}]}}