{"id":58175,"date":"2022-09-13T10:50:54","date_gmt":"2022-09-13T08:50:54","guid":{"rendered":"https:\/\/torronsfelix.com\/producte\/almendras-con-chocolate-y-cacao\/"},"modified":"2024-09-10T09:54:03","modified_gmt":"2024-09-10T07:54:03","slug":"almendras-con-chocolate-y-cacao","status":"publish","type":"product","link":"https:\/\/torronsfelix.com\/es\/producte\/almendras-con-chocolate-y-cacao\/","title":{"rendered":"Almendras con chocolate y cacao"},"content":{"rendered":"\t\t<div data-elementor-type=\"product-post\" data-elementor-id=\"58175\" class=\"elementor elementor-58175 elementor-55514\" data-elementor-post-type=\"product\">\n\t\t\t\t\t\t<section class=\"elementor-section elementor-top-section elementor-element elementor-element-4d36cdf elementor-section-stretched elementor-section-boxed elementor-section-height-default elementor-section-height-default\" data-id=\"4d36cdf\" data-element_type=\"section\" data-settings=\"{&quot;stretch_section&quot;:&quot;section-stretched&quot;}\">\n\t\t\t\t\t\t<div class=\"elementor-container elementor-column-gap-default\">\n\t\t\t\t\t<div class=\"elementor-column elementor-col-100 elementor-top-column elementor-element elementor-element-d60fa36\" data-id=\"d60fa36\" data-element_type=\"column\">\n\t\t\t<div class=\"elementor-widget-wrap elementor-element-populated\">\n\t\t\t\t\t\t<div class=\"elementor-element elementor-element-a398a87 elementor-widget elementor-widget-woocommerce-breadcrumb\" data-id=\"a398a87\" data-element_type=\"widget\" data-widget_type=\"woocommerce-breadcrumb.default\">\n\t\t\t\t<div class=\"elementor-widget-container\">\n\t\t\t\t\t<nav class=\"woocommerce-breadcrumb\" aria-label=\"Breadcrumb\">Inicio<\/nav>\t\t\t\t<\/div>\n\t\t\t\t<\/div>\n\t\t\t\t\t<\/div>\n\t\t<\/div>\n\t\t\t\t\t<\/div>\n\t\t<\/section>\n\t\t\t\t<section class=\"elementor-section elementor-top-section elementor-element elementor-element-7263bd4 elementor-section-stretched elementor-section-boxed elementor-section-height-default elementor-section-height-default\" data-id=\"7263bd4\" data-element_type=\"section\" data-settings=\"{&quot;stretch_section&quot;:&quot;section-stretched&quot;}\">\n\t\t\t\t\t\t<div class=\"elementor-container elementor-column-gap-default\">\n\t\t\t\t\t<div class=\"elementor-column elementor-col-50 elementor-top-column elementor-element elementor-element-7e7474f\" data-id=\"7e7474f\" data-element_type=\"column\">\n\t\t\t<div class=\"elementor-widget-wrap elementor-element-populated\">\n\t\t\t\t\t\t<div class=\"elementor-element elementor-element-5f3f9ea elementor-widget elementor-widget-woocommerce-product-images\" data-id=\"5f3f9ea\" data-element_type=\"widget\" data-widget_type=\"woocommerce-product-images.default\">\n\t\t\t\t<div class=\"elementor-widget-container\">\n\t\t\t\t\t<div class=\"woocommerce-product-gallery woocommerce-product-gallery--with-images woocommerce-product-gallery--columns-4 images\" data-columns=\"4\" style=\"opacity: 0; transition: opacity .25s ease-in-out;\">\n\t<div class=\"woocommerce-product-gallery__wrapper\">\n\t\t<div data-thumb=\"https:\/\/torronsfelix.com\/wp-content\/uploads\/2022\/09\/ametlles-amb-xocolata-100x100.jpg\" data-thumb-alt=\"\" data-thumb-srcset=\"https:\/\/torronsfelix.com\/wp-content\/uploads\/2022\/09\/ametlles-amb-xocolata-100x100.jpg 100w, https:\/\/torronsfelix.com\/wp-content\/uploads\/2022\/09\/ametlles-amb-xocolata-150x150.jpg 150w, https:\/\/torronsfelix.com\/wp-content\/uploads\/2022\/09\/ametlles-amb-xocolata-300x300.jpg 300w\" class=\"woocommerce-product-gallery__image\"><a href=\"https:\/\/torronsfelix.com\/wp-content\/uploads\/2022\/09\/ametlles-amb-xocolata.jpg\"><img loading=\"lazy\" decoding=\"async\" loading=\"lazy\" width=\"600\" height=\"275\" src=\"https:\/\/torronsfelix.com\/wp-content\/uploads\/2022\/09\/ametlles-amb-xocolata-600x275.jpg\" class=\"wp-post-image\" alt=\"\" title=\"almendras con chocolate\" data-caption=\"\" data-src=\"https:\/\/torronsfelix.com\/wp-content\/uploads\/2022\/09\/ametlles-amb-xocolata.jpg\" data-large_image=\"https:\/\/torronsfelix.com\/wp-content\/uploads\/2022\/09\/ametlles-amb-xocolata.jpg\" data-large_image_width=\"1200\" data-large_image_height=\"550\" srcset=\"https:\/\/torronsfelix.com\/wp-content\/uploads\/2022\/09\/ametlles-amb-xocolata-600x275.jpg 600w, https:\/\/torronsfelix.com\/wp-content\/uploads\/2022\/09\/ametlles-amb-xocolata-300x138.jpg 300w, https:\/\/torronsfelix.com\/wp-content\/uploads\/2022\/09\/ametlles-amb-xocolata-1024x469.jpg 1024w, https:\/\/torronsfelix.com\/wp-content\/uploads\/2022\/09\/ametlles-amb-xocolata-768x352.jpg 768w, https:\/\/torronsfelix.com\/wp-content\/uploads\/2022\/09\/ametlles-amb-xocolata.jpg 1200w\" sizes=\"(max-width: 600px) 100vw, 600px\" \/><\/a><\/div><div data-thumb=\"https:\/\/torronsfelix.com\/wp-content\/uploads\/2022\/09\/ametlles-amb-xocolata1-100x100.jpg\" data-thumb-alt=\"\" data-thumb-srcset=\"https:\/\/torronsfelix.com\/wp-content\/uploads\/2022\/09\/ametlles-amb-xocolata1-100x100.jpg 100w, https:\/\/torronsfelix.com\/wp-content\/uploads\/2022\/09\/ametlles-amb-xocolata1-150x150.jpg 150w, https:\/\/torronsfelix.com\/wp-content\/uploads\/2022\/09\/ametlles-amb-xocolata1-300x300.jpg 300w\" class=\"woocommerce-product-gallery__image\"><a href=\"https:\/\/torronsfelix.com\/wp-content\/uploads\/2022\/09\/ametlles-amb-xocolata1.jpg\"><img loading=\"lazy\" decoding=\"async\" loading=\"lazy\" width=\"600\" height=\"275\" src=\"https:\/\/torronsfelix.com\/wp-content\/uploads\/2022\/09\/ametlles-amb-xocolata1-600x275.jpg\" class=\"\" alt=\"\" title=\"almendras con chocolate1\" data-caption=\"\" data-src=\"https:\/\/torronsfelix.com\/wp-content\/uploads\/2022\/09\/ametlles-amb-xocolata1.jpg\" data-large_image=\"https:\/\/torronsfelix.com\/wp-content\/uploads\/2022\/09\/ametlles-amb-xocolata1.jpg\" data-large_image_width=\"1200\" data-large_image_height=\"550\" srcset=\"https:\/\/torronsfelix.com\/wp-content\/uploads\/2022\/09\/ametlles-amb-xocolata1-600x275.jpg 600w, https:\/\/torronsfelix.com\/wp-content\/uploads\/2022\/09\/ametlles-amb-xocolata1-300x138.jpg 300w, https:\/\/torronsfelix.com\/wp-content\/uploads\/2022\/09\/ametlles-amb-xocolata1-1024x469.jpg 1024w, https:\/\/torronsfelix.com\/wp-content\/uploads\/2022\/09\/ametlles-amb-xocolata1-768x352.jpg 768w, https:\/\/torronsfelix.com\/wp-content\/uploads\/2022\/09\/ametlles-amb-xocolata1.jpg 1200w\" sizes=\"(max-width: 600px) 100vw, 600px\" \/><\/a><\/div>\t<\/div>\n<\/div>\n\t\t\t\t<\/div>\n\t\t\t\t<\/div>\n\t\t\t\t\t<\/div>\n\t\t<\/div>\n\t\t\t\t<div class=\"elementor-column elementor-col-50 elementor-top-column elementor-element elementor-element-c41d6cc\" data-id=\"c41d6cc\" data-element_type=\"column\">\n\t\t\t<div class=\"elementor-widget-wrap elementor-element-populated\">\n\t\t\t\t\t\t<section class=\"elementor-section elementor-inner-section elementor-element elementor-element-71c7609 elementor-section-boxed elementor-section-height-default elementor-section-height-default\" data-id=\"71c7609\" data-element_type=\"section\">\n\t\t\t\t\t\t<div class=\"elementor-container elementor-column-gap-default\">\n\t\t\t\t\t<div class=\"elementor-column elementor-col-50 elementor-inner-column elementor-element elementor-element-a80a623\" data-id=\"a80a623\" data-element_type=\"column\">\n\t\t\t<div class=\"elementor-widget-wrap elementor-element-populated\">\n\t\t\t\t\t\t<div class=\"elementor-element elementor-element-fbf2ba4 elementor-widget elementor-widget-woocommerce-product-title elementor-page-title elementor-widget-heading\" data-id=\"fbf2ba4\" data-element_type=\"widget\" data-widget_type=\"woocommerce-product-title.default\">\n\t\t\t\t<div class=\"elementor-widget-container\">\n\t\t\t\t\t<h1 class=\"product_title entry-title elementor-heading-title elementor-size-default\">Almendras con chocolate y cacao<\/h1>\t\t\t\t<\/div>\n\t\t\t\t<\/div>\n\t\t\t\t<div class=\"elementor-element elementor-element-db13a91 elementor-widget elementor-widget-woocommerce-product-price\" data-id=\"db13a91\" data-element_type=\"widget\" data-widget_type=\"woocommerce-product-price.default\">\n\t\t\t\t<div class=\"elementor-widget-container\">\n\t\t\t\t\t<p class=\"price\"><span class=\"woocommerce-Price-amount amount\"><bdi>14,00<span class=\"woocommerce-Price-currencySymbol\">&euro;<\/span><\/bdi><\/span><\/p>\n\t\t\t\t<\/div>\n\t\t\t\t<\/div>\n\t\t\t\t\t<\/div>\n\t\t<\/div>\n\t\t\t\t<div class=\"elementor-column elementor-col-50 elementor-inner-column elementor-element elementor-element-01313e4\" data-id=\"01313e4\" data-element_type=\"column\">\n\t\t\t<div class=\"elementor-widget-wrap elementor-element-populated\">\n\t\t\t\t\t\t<div class=\"elementor-element elementor-element-892f28a elementor-add-to-cart--align-right e-add-to-cart--show-quantity-yes elementor-widget elementor-widget-woocommerce-product-add-to-cart\" data-id=\"892f28a\" data-element_type=\"widget\" data-widget_type=\"woocommerce-product-add-to-cart.default\">\n\t\t\t\t<div class=\"elementor-widget-container\">\n\t\t\t\t\t\n\t\t<div class=\"elementor-add-to-cart elementor-product-simple\">\n\t\t\t\n\t\n\t<form class=\"cart\" action=\"https:\/\/torronsfelix.com\/es\/producte\/almendras-con-chocolate-y-cacao\/\" method=\"post\" enctype='multipart\/form-data'>\n\t\t\n\t\t<div class=\"quantity\">\n\t\t<label class=\"screen-reader-text\" for=\"quantity_69f2985faf555\">Almendras con chocolate y cacao cantidad<\/label>\n\t<input\n\t\ttype=\"number\"\n\t\t\t\tid=\"quantity_69f2985faf555\"\n\t\tclass=\"input-text qty text\"\n\t\tname=\"quantity\"\n\t\tvalue=\"1\"\n\t\taria-label=\"Cantidad de productos\"\n\t\tsize=\"4\"\n\t\tmin=\"1\"\n\t\tmax=\"\"\n\t\t\t\t\tstep=\"1\"\n\t\t\tplaceholder=\"\"\n\t\t\tinputmode=\"numeric\"\n\t\t\tautocomplete=\"off\"\n\t\t\t\/>\n\t<\/div>\n\n\t\t<button type=\"submit\" name=\"add-to-cart\" value=\"58175\" class=\"single_add_to_cart_button button alt\">A\u00f1adir al carrito<\/button>\n\n\t\t\t<\/form>\n\n\t\n\t\t<\/div>\n\n\t\t\t\t\t\t<\/div>\n\t\t\t\t<\/div>\n\t\t\t\t\t<\/div>\n\t\t<\/div>\n\t\t\t\t\t<\/div>\n\t\t<\/section>\n\t\t\t\t<div class=\"elementor-element elementor-element-a7b56a5 elementor-widget elementor-widget-text-editor\" data-id=\"a7b56a5\" data-element_type=\"widget\" data-widget_type=\"text-editor.default\">\n\t\t\t\t<div class=\"elementor-widget-container\">\n\t\t\t\t\t\t\t\t\t<p>Almendras con chocolate<\/p>\n\t\t\t\t\t\t\t\t<\/div>\n\t\t\t\t<\/div>\n\t\t\t\t<div class=\"elementor-element elementor-element-cd8bb5c elementor-tabs-view-horizontal elementor-widget elementor-widget-tabs\" data-id=\"cd8bb5c\" data-element_type=\"widget\" data-widget_type=\"tabs.default\">\n\t\t\t\t<div class=\"elementor-widget-container\">\n\t\t\t\t\t\t\t<div class=\"elementor-tabs\">\n\t\t\t<div class=\"elementor-tabs-wrapper\" role=\"tablist\" >\n\t\t\t\t\t\t\t\t\t<div id=\"elementor-tab-title-2151\" class=\"elementor-tab-title elementor-tab-desktop-title\" aria-selected=\"true\" data-tab=\"1\" role=\"tab\" tabindex=\"0\" aria-controls=\"elementor-tab-content-2151\" aria-expanded=\"false\">Descripci\u00f3n<\/div>\n\t\t\t\t\t\t\t\t\t<div id=\"elementor-tab-title-2152\" class=\"elementor-tab-title elementor-tab-desktop-title\" aria-selected=\"false\" data-tab=\"2\" role=\"tab\" tabindex=\"-1\" aria-controls=\"elementor-tab-content-2152\" aria-expanded=\"false\">Ingredientes<\/div>\n\t\t\t\t\t\t\t\t\t<div id=\"elementor-tab-title-2153\" class=\"elementor-tab-title elementor-tab-desktop-title\" aria-selected=\"false\" data-tab=\"3\" role=\"tab\" tabindex=\"-1\" aria-controls=\"elementor-tab-content-2153\" aria-expanded=\"false\">Al\u00e9rgenos<\/div>\n\t\t\t\t\t\t\t\t\t<div id=\"elementor-tab-title-2154\" class=\"elementor-tab-title elementor-tab-desktop-title\" aria-selected=\"false\" data-tab=\"4\" role=\"tab\" tabindex=\"-1\" aria-controls=\"elementor-tab-content-2154\" aria-expanded=\"false\">Conservaci\u00f3n<\/div>\n\t\t\t\t\t\t\t<\/div>\n\t\t\t<div class=\"elementor-tabs-content-wrapper\" role=\"tablist\" aria-orientation=\"vertical\">\n\t\t\t\t\t\t\t\t\t<div class=\"elementor-tab-title elementor-tab-mobile-title\" aria-selected=\"true\" data-tab=\"1\" role=\"tab\" tabindex=\"0\" aria-controls=\"elementor-tab-content-2151\" aria-expanded=\"false\">Descripci\u00f3n<\/div>\n\t\t\t\t\t<div id=\"elementor-tab-content-2151\" class=\"elementor-tab-content elementor-clearfix\" data-tab=\"1\" role=\"tabpanel\" aria-labelledby=\"elementor-tab-title-2151\" tabindex=\"0\" hidden=\"false\"><p class=\"p1\">Almendras recubiertas de una capa de chocolate.<\/p>\n<\/div>\n\t\t\t\t\t\t\t\t\t<div class=\"elementor-tab-title elementor-tab-mobile-title\" aria-selected=\"false\" data-tab=\"2\" role=\"tab\" tabindex=\"-1\" aria-controls=\"elementor-tab-content-2152\" aria-expanded=\"false\">Ingredientes<\/div>\n\t\t\t\t\t<div id=\"elementor-tab-content-2152\" class=\"elementor-tab-content elementor-clearfix\" data-tab=\"2\" role=\"tabpanel\" aria-labelledby=\"elementor-tab-title-2152\" tabindex=\"0\" hidden=\"hidden\"><ul class=\"list-style-none\">\n<li>Almendras<\/li>\n<li>Chocolate<\/li>\n<\/ul>\n<\/div>\n\t\t\t\t\t\t\t\t\t<div class=\"elementor-tab-title elementor-tab-mobile-title\" aria-selected=\"false\" data-tab=\"3\" role=\"tab\" tabindex=\"-1\" aria-controls=\"elementor-tab-content-2153\" aria-expanded=\"false\">Al\u00e9rgenos<\/div>\n\t\t\t\t\t<div id=\"elementor-tab-content-2153\" class=\"elementor-tab-content elementor-clearfix\" data-tab=\"3\" role=\"tabpanel\" aria-labelledby=\"elementor-tab-title-2153\" tabindex=\"0\" hidden=\"hidden\"><p>Puede contener trazas de frutos secos, cacahuete, productos l\u00e1cteos y huevos.<\/p>\n<\/div>\n\t\t\t\t\t\t\t\t\t<div class=\"elementor-tab-title elementor-tab-mobile-title\" aria-selected=\"false\" data-tab=\"4\" role=\"tab\" tabindex=\"-1\" aria-controls=\"elementor-tab-content-2154\" aria-expanded=\"false\">Conservaci\u00f3n<\/div>\n\t\t\t\t\t<div id=\"elementor-tab-content-2154\" class=\"elementor-tab-content elementor-clearfix\" data-tab=\"4\" role=\"tabpanel\" aria-labelledby=\"elementor-tab-title-2154\" tabindex=\"0\" hidden=\"hidden\"><p>Conservar en sitio fresco y seco. Evitar una exposici\u00f3n solar. <\/p>\n<\/div>\n\t\t\t\t\t\t\t<\/div>\n\t\t<\/div>\n\t\t\t\t\t\t<\/div>\n\t\t\t\t<\/div>\n\t\t\t\t\t<\/div>\n\t\t<\/div>\n\t\t\t\t\t<\/div>\n\t\t<\/section>\n\t\t\t\t<section class=\"elementor-section elementor-top-section elementor-element elementor-element-30493cb elementor-section-stretched elementor-section-boxed elementor-section-height-default elementor-section-height-default\" data-id=\"30493cb\" data-element_type=\"section\" data-settings=\"{&quot;stretch_section&quot;:&quot;section-stretched&quot;,&quot;background_background&quot;:&quot;classic&quot;}\">\n\t\t\t\t\t\t<div class=\"elementor-container elementor-column-gap-default\">\n\t\t\t\t\t<div class=\"elementor-column elementor-col-100 elementor-top-column elementor-element elementor-element-466239a\" data-id=\"466239a\" data-element_type=\"column\">\n\t\t\t<div class=\"elementor-widget-wrap elementor-element-populated\">\n\t\t\t\t\t\t<section class=\"elementor-section elementor-inner-section elementor-element elementor-element-a9f79d1 elementor-section-boxed elementor-section-height-default elementor-section-height-default\" data-id=\"a9f79d1\" data-element_type=\"section\">\n\t\t\t\t\t\t<div class=\"elementor-container elementor-column-gap-default\">\n\t\t\t\t\t<div class=\"elementor-column elementor-col-33 elementor-inner-column elementor-element elementor-element-e38d830\" data-id=\"e38d830\" data-element_type=\"column\">\n\t\t\t<div class=\"elementor-widget-wrap elementor-element-populated\">\n\t\t\t\t\t\t<div class=\"elementor-element elementor-element-7aaa866 elementor-widget-divider--view-line elementor-widget elementor-widget-divider\" data-id=\"7aaa866\" data-element_type=\"widget\" data-widget_type=\"divider.default\">\n\t\t\t\t<div class=\"elementor-widget-container\">\n\t\t\t\t\t\t\t<div class=\"elementor-divider\">\n\t\t\t<span class=\"elementor-divider-separator\">\n\t\t\t\t\t\t<\/span>\n\t\t<\/div>\n\t\t\t\t\t\t<\/div>\n\t\t\t\t<\/div>\n\t\t\t\t\t<\/div>\n\t\t<\/div>\n\t\t\t\t<div class=\"elementor-column elementor-col-33 elementor-inner-column elementor-element elementor-element-da45fe8\" data-id=\"da45fe8\" data-element_type=\"column\">\n\t\t\t<div class=\"elementor-widget-wrap elementor-element-populated\">\n\t\t\t\t\t\t<div class=\"elementor-element elementor-element-d81574f elementor-widget elementor-widget-heading\" data-id=\"d81574f\" data-element_type=\"widget\" data-widget_type=\"heading.default\">\n\t\t\t\t<div class=\"elementor-widget-container\">\n\t\t\t\t\t<span class=\"elementor-heading-title elementor-size-default\">\u00bfSIGUES CON GANAS DE DULCE?<\/span>\t\t\t\t<\/div>\n\t\t\t\t<\/div>\n\t\t\t\t\t<\/div>\n\t\t<\/div>\n\t\t\t\t<div class=\"elementor-column elementor-col-33 elementor-inner-column elementor-element elementor-element-4e77149\" data-id=\"4e77149\" data-element_type=\"column\">\n\t\t\t<div class=\"elementor-widget-wrap elementor-element-populated\">\n\t\t\t\t\t\t<div class=\"elementor-element elementor-element-cf5618b elementor-widget-divider--view-line elementor-widget elementor-widget-divider\" data-id=\"cf5618b\" data-element_type=\"widget\" data-widget_type=\"divider.default\">\n\t\t\t\t<div class=\"elementor-widget-container\">\n\t\t\t\t\t\t\t<div class=\"elementor-divider\">\n\t\t\t<span class=\"elementor-divider-separator\">\n\t\t\t\t\t\t<\/span>\n\t\t<\/div>\n\t\t\t\t\t\t<\/div>\n\t\t\t\t<\/div>\n\t\t\t\t\t<\/div>\n\t\t<\/div>\n\t\t\t\t\t<\/div>\n\t\t<\/section>\n\t\t\t\t<div class=\"elementor-element elementor-element-600c01c elementor-grid-4 elementor-grid-tablet-3 elementor-grid-mobile-2 elementor-products-grid elementor-wc-products elementor-widget elementor-widget-woocommerce-product-related\" data-id=\"600c01c\" data-element_type=\"widget\" data-widget_type=\"woocommerce-product-related.default\">\n\t\t\t\t<div class=\"elementor-widget-container\">\n\t\t\t\t\t\n\t<section class=\"related products\">\n\n\t\t\t\t\t<h2>Productos relacionados<\/h2>\n\t\t\t\t\n\t\t<ul class=\"products elementor-grid columns-4\">\n\n\t\t\t\n\t\t\t\t\t<li class=\"product type-product post-58414 status-publish first instock product_cat-seleccion-de-dulces has-post-thumbnail purchasable product-type-simple\">\n\t<a href=\"https:\/\/torronsfelix.com\/es\/producte\/locuras-de-chocolate\/\" class=\"woocommerce-LoopProduct-link woocommerce-loop-product__link\"><img fetchpriority=\"high\" decoding=\"async\" width=\"300\" height=\"300\" src=\"https:\/\/torronsfelix.com\/wp-content\/uploads\/2020\/11\/bogeries-de-xocolata-300x300.jpg\" class=\"attachment-woocommerce_thumbnail size-woocommerce_thumbnail\" alt=\"\" srcset=\"https:\/\/torronsfelix.com\/wp-content\/uploads\/2020\/11\/bogeries-de-xocolata-300x300.jpg 300w, https:\/\/torronsfelix.com\/wp-content\/uploads\/2020\/11\/bogeries-de-xocolata-150x150.jpg 150w, https:\/\/torronsfelix.com\/wp-content\/uploads\/2020\/11\/bogeries-de-xocolata-100x100.jpg 100w\" sizes=\"(max-width: 300px) 100vw, 300px\" \/><h2 class=\"woocommerce-loop-product__title\">Locuras de chocolate<\/h2>\n\t<span class=\"price\"><span class=\"woocommerce-Price-amount amount\"><bdi>4,00<span class=\"woocommerce-Price-currencySymbol\">&euro;<\/span><\/bdi><\/span><\/span>\n<\/a><a href=\"?add-to-cart=58414\" aria-describedby=\"woocommerce_loop_add_to_cart_link_describedby_58414\" data-quantity=\"1\" class=\"button product_type_simple add_to_cart_button ajax_add_to_cart\" data-product_id=\"58414\" data-product_sku=\"1c383cd30b7c\" aria-label=\"A\u00f1adir al carrito: &ldquo;Locuras de chocolate&rdquo;\" rel=\"nofollow\">A\u00f1adir al carrito<\/a><span id=\"woocommerce_loop_add_to_cart_link_describedby_58414\" class=\"screen-reader-text\">\n\t<\/span>\n<\/li>\n\n\t\t\t\n\t\t\t\t\t<li class=\"product type-product post-58193 status-publish instock product_cat-seleccion-de-dulces has-post-thumbnail taxable shipping-taxable purchasable product-type-simple\">\n\t<a href=\"https:\/\/torronsfelix.com\/es\/producte\/tableta-de-chocolate\/\" class=\"woocommerce-LoopProduct-link woocommerce-loop-product__link\"><img decoding=\"async\" width=\"300\" height=\"300\" data-src=\"https:\/\/torronsfelix.com\/wp-content\/uploads\/2022\/09\/IMG_9992-300x300.jpg\" class=\"attachment-woocommerce_thumbnail size-woocommerce_thumbnail lazyload\" alt=\"\" data-srcset=\"https:\/\/torronsfelix.com\/wp-content\/uploads\/2022\/09\/IMG_9992-300x300.jpg 300w, https:\/\/torronsfelix.com\/wp-content\/uploads\/2022\/09\/IMG_9992-150x150.jpg 150w, https:\/\/torronsfelix.com\/wp-content\/uploads\/2022\/09\/IMG_9992-100x100.jpg 100w\" data-sizes=\"(max-width: 300px) 100vw, 300px\" src=\"data:image\/gif;base64,R0lGODlhAQABAAAAACH5BAEKAAEALAAAAAABAAEAAAICTAEAOw==\" style=\"--smush-placeholder-width: 300px; --smush-placeholder-aspect-ratio: 300\/300;\" \/><h2 class=\"woocommerce-loop-product__title\">Tableta de chocolate<\/h2>\n\t<span class=\"price\"><span class=\"woocommerce-Price-amount amount\"><bdi>5,00<span class=\"woocommerce-Price-currencySymbol\">&euro;<\/span><\/bdi><\/span><\/span>\n<\/a><a href=\"?add-to-cart=58193\" aria-describedby=\"woocommerce_loop_add_to_cart_link_describedby_58193\" data-quantity=\"1\" class=\"button product_type_simple add_to_cart_button ajax_add_to_cart\" data-product_id=\"58193\" data-product_sku=\"\" aria-label=\"A\u00f1adir al carrito: &ldquo;Tableta de chocolate&rdquo;\" rel=\"nofollow\">A\u00f1adir al carrito<\/a><span id=\"woocommerce_loop_add_to_cart_link_describedby_58193\" class=\"screen-reader-text\">\n\t<\/span>\n<\/li>\n\n\t\t\t\n\t\t\t\t\t<li class=\"product type-product post-58396 status-publish instock product_cat-seleccion-de-dulces has-post-thumbnail purchasable product-type-simple\">\n\t<a href=\"https:\/\/torronsfelix.com\/es\/producte\/discos-de-naranja-con-chocolate\/\" class=\"woocommerce-LoopProduct-link woocommerce-loop-product__link\"><img decoding=\"async\" width=\"300\" height=\"300\" data-src=\"https:\/\/torronsfelix.com\/wp-content\/uploads\/2020\/11\/IMG_0025-300x300.jpg\" class=\"attachment-woocommerce_thumbnail size-woocommerce_thumbnail lazyload\" alt=\"\" data-srcset=\"https:\/\/torronsfelix.com\/wp-content\/uploads\/2020\/11\/IMG_0025-300x300.jpg 300w, https:\/\/torronsfelix.com\/wp-content\/uploads\/2020\/11\/IMG_0025-150x150.jpg 150w, https:\/\/torronsfelix.com\/wp-content\/uploads\/2020\/11\/IMG_0025-100x100.jpg 100w\" data-sizes=\"(max-width: 300px) 100vw, 300px\" src=\"data:image\/gif;base64,R0lGODlhAQABAAAAACH5BAEKAAEALAAAAAABAAEAAAICTAEAOw==\" style=\"--smush-placeholder-width: 300px; --smush-placeholder-aspect-ratio: 300\/300;\" \/><h2 class=\"woocommerce-loop-product__title\">Discos de naranja con chocolate<\/h2>\n\t<span class=\"price\"><span class=\"woocommerce-Price-amount amount\"><bdi>14,00<span class=\"woocommerce-Price-currencySymbol\">&euro;<\/span><\/bdi><\/span><\/span>\n<\/a><a href=\"?add-to-cart=58396\" aria-describedby=\"woocommerce_loop_add_to_cart_link_describedby_58396\" data-quantity=\"1\" class=\"button product_type_simple add_to_cart_button ajax_add_to_cart\" data-product_id=\"58396\" data-product_sku=\"33e75ff09dd6\" aria-label=\"A\u00f1adir al carrito: &ldquo;Discos de naranja con chocolate&rdquo;\" rel=\"nofollow\">A\u00f1adir al carrito<\/a><span id=\"woocommerce_loop_add_to_cart_link_describedby_58396\" class=\"screen-reader-text\">\n\t<\/span>\n<\/li>\n\n\t\t\t\n\t\t\t\t\t<li class=\"product type-product post-58283 status-publish last instock product_cat-personalizados product_cat-seleccion-de-dulces has-post-thumbnail featured product-type-simple\">\n\t<a href=\"https:\/\/torronsfelix.com\/es\/producte\/bola-de-chocolate\/\" class=\"woocommerce-LoopProduct-link woocommerce-loop-product__link\"><img decoding=\"async\" width=\"300\" height=\"300\" data-src=\"https:\/\/torronsfelix.com\/wp-content\/uploads\/2020\/11\/bola-xocolata-torrons-felix-agramunt-300x300.jpg\" class=\"attachment-woocommerce_thumbnail size-woocommerce_thumbnail lazyload\" alt=\"\" data-srcset=\"https:\/\/torronsfelix.com\/wp-content\/uploads\/2020\/11\/bola-xocolata-torrons-felix-agramunt-300x300.jpg 300w, https:\/\/torronsfelix.com\/wp-content\/uploads\/2020\/11\/bola-xocolata-torrons-felix-agramunt-150x150.jpg 150w, https:\/\/torronsfelix.com\/wp-content\/uploads\/2020\/11\/bola-xocolata-torrons-felix-agramunt-550x550.jpg 550w, https:\/\/torronsfelix.com\/wp-content\/uploads\/2020\/11\/bola-xocolata-torrons-felix-agramunt-100x100.jpg 100w\" data-sizes=\"(max-width: 300px) 100vw, 300px\" src=\"data:image\/gif;base64,R0lGODlhAQABAAAAACH5BAEKAAEALAAAAAABAAEAAAICTAEAOw==\" style=\"--smush-placeholder-width: 300px; --smush-placeholder-aspect-ratio: 300\/300;\" \/><h2 class=\"woocommerce-loop-product__title\">Bola de chocolate<\/h2>\n<\/a><a href=\"https:\/\/torronsfelix.com\/es\/producte\/bola-de-chocolate\/\" aria-describedby=\"woocommerce_loop_add_to_cart_link_describedby_58283\" data-quantity=\"1\" class=\"button product_type_simple\" data-product_id=\"58283\" data-product_sku=\"03afdbd66e792\" aria-label=\"Lee m\u00e1s sobre &ldquo;Bola de chocolate&rdquo;\" rel=\"nofollow\">Ver m\u00e1s<\/a><span id=\"woocommerce_loop_add_to_cart_link_describedby_58283\" class=\"screen-reader-text\">\n\t<\/span>\n<\/li>\n\n\t\t\t\n\t\t<\/ul>\n\n\t<\/section>\n\t\t\t\t\t<\/div>\n\t\t\t\t<\/div>\n\t\t\t\t\t<\/div>\n\t\t<\/div>\n\t\t\t\t\t<\/div>\n\t\t<\/section>\n\t\t\t\t<\/div>\n\t\t","protected":false},"excerpt":{"rendered":"<p>Almendras con chocolate Descripci\u00f3n Ingredientes Al\u00e9rgenos Conservaci\u00f3n Descripci\u00f3n Almendras recubiertas de una capa de chocolate. Ingredientes Almendras Chocolate Al\u00e9rgenos Puede contener trazas de frutos secos, cacahuete, productos l\u00e1cteos y huevos. Conservaci\u00f3n Conservar en sitio fresco y seco. Evitar una exposici\u00f3n solar. \u00bfSIGUES CON GANAS DE DULCE?<\/p>\n","protected":false},"featured_media":58176,"template":"elementor_header_footer","meta":{"_acf_changed":false},"product_cat":[1722],"product_tag":[],"class_list":{"0":"post-58175","1":"product","2":"type-product","3":"status-publish","4":"has-post-thumbnail","6":"product_cat-seleccion-de-dulces","8":"first","9":"instock","10":"taxable","11":"shipping-taxable","12":"purchasable","13":"product-type-simple"},"acf":[],"_links":{"self":[{"href":"https:\/\/torronsfelix.com\/es\/wp-json\/wp\/v2\/product\/58175"}],"collection":[{"href":"https:\/\/torronsfelix.com\/es\/wp-json\/wp\/v2\/product"}],"about":[{"href":"https:\/\/torronsfelix.com\/es\/wp-json\/wp\/v2\/types\/product"}],"version-history":[{"count":0,"href":"https:\/\/torronsfelix.com\/es\/wp-json\/wp\/v2\/product\/58175\/revisions"}],"wp:featuredmedia":[{"embeddable":true,"href":"https:\/\/torronsfelix.com\/es\/wp-json\/wp\/v2\/media\/58176"}],"wp:attachment":[{"href":"https:\/\/torronsfelix.com\/es\/wp-json\/wp\/v2\/media?parent=58175"}],"wp:term":[{"taxonomy":"product_cat","embeddable":true,"href":"https:\/\/torronsfelix.com\/es\/wp-json\/wp\/v2\/product_cat?post=58175"},{"taxonomy":"product_tag","embeddable":true,"href":"https:\/\/torronsfelix.com\/es\/wp-json\/wp\/v2\/product_tag?post=58175"}],"curies":[{"name":"wp","href":"https:\/\/api.w.org\/{rel}","templated":true}]}}