{"id":58403,"date":"2020-11-12T14:58:30","date_gmt":"2020-11-12T13:58:30","guid":{"rendered":"https:\/\/torronsfelix.com\/producte\/bandeja-seleccion-de-especialidades-selectas\/"},"modified":"2024-11-22T11:48:48","modified_gmt":"2024-11-22T10:48:48","slug":"bandeja-seleccion-de-especialidades-selectas","status":"publish","type":"product","link":"https:\/\/torronsfelix.com\/es\/producte\/bandeja-seleccion-de-especialidades-selectas\/","title":{"rendered":"Bandeja selecci\u00f3n de especialidades selectas"},"content":{"rendered":"\t\t<div data-elementor-type=\"product-post\" data-elementor-id=\"58403\" class=\"elementor elementor-58403 elementor-52089\" data-elementor-post-type=\"product\">\n\t\t\t\t\t\t<section class=\"elementor-section elementor-top-section elementor-element elementor-element-f4db9d0 elementor-section-stretched elementor-section-boxed elementor-section-height-default elementor-section-height-default\" data-id=\"f4db9d0\" data-element_type=\"section\" data-settings=\"{&quot;stretch_section&quot;:&quot;section-stretched&quot;}\">\n\t\t\t\t\t\t<div class=\"elementor-container elementor-column-gap-default\">\n\t\t\t\t\t<div class=\"elementor-column elementor-col-100 elementor-top-column elementor-element elementor-element-5e927a9\" data-id=\"5e927a9\" data-element_type=\"column\">\n\t\t\t<div class=\"elementor-widget-wrap elementor-element-populated\">\n\t\t\t\t\t\t<div class=\"elementor-element elementor-element-fda038a elementor-widget elementor-widget-woocommerce-breadcrumb\" data-id=\"fda038a\" data-element_type=\"widget\" data-widget_type=\"woocommerce-breadcrumb.default\">\n\t\t\t\t<div class=\"elementor-widget-container\">\n\t\t\t\t\t<nav class=\"woocommerce-breadcrumb\" aria-label=\"Breadcrumb\">Inicio<\/nav>\t\t\t\t<\/div>\n\t\t\t\t<\/div>\n\t\t\t\t\t<\/div>\n\t\t<\/div>\n\t\t\t\t\t<\/div>\n\t\t<\/section>\n\t\t\t\t<section class=\"elementor-section elementor-top-section elementor-element elementor-element-23b5a29 elementor-section-stretched elementor-section-boxed elementor-section-height-default elementor-section-height-default\" data-id=\"23b5a29\" data-element_type=\"section\" data-settings=\"{&quot;stretch_section&quot;:&quot;section-stretched&quot;}\">\n\t\t\t\t\t\t<div class=\"elementor-container elementor-column-gap-default\">\n\t\t\t\t\t<div class=\"elementor-column elementor-col-50 elementor-top-column elementor-element elementor-element-318c470\" data-id=\"318c470\" data-element_type=\"column\">\n\t\t\t<div class=\"elementor-widget-wrap elementor-element-populated\">\n\t\t\t\t\t\t<div class=\"elementor-element elementor-element-7944d6d elementor-widget elementor-widget-woocommerce-product-images\" data-id=\"7944d6d\" data-element_type=\"widget\" data-widget_type=\"woocommerce-product-images.default\">\n\t\t\t\t<div class=\"elementor-widget-container\">\n\t\t\t\t\t<div class=\"woocommerce-product-gallery woocommerce-product-gallery--with-images woocommerce-product-gallery--columns-4 images\" data-columns=\"4\" style=\"opacity: 0; transition: opacity .25s ease-in-out;\">\n\t<div class=\"woocommerce-product-gallery__wrapper\">\n\t\t<div data-thumb=\"https:\/\/torronsfelix.com\/wp-content\/uploads\/2020\/11\/torrons-felix-safata-seleccio-especialitats-selectes-100x100.jpg\" data-thumb-alt=\"\" data-thumb-srcset=\"https:\/\/torronsfelix.com\/wp-content\/uploads\/2020\/11\/torrons-felix-safata-seleccio-especialitats-selectes-100x100.jpg 100w, https:\/\/torronsfelix.com\/wp-content\/uploads\/2020\/11\/torrons-felix-safata-seleccio-especialitats-selectes-150x150.jpg 150w, https:\/\/torronsfelix.com\/wp-content\/uploads\/2020\/11\/torrons-felix-safata-seleccio-especialitats-selectes-300x300.jpg 300w\" class=\"woocommerce-product-gallery__image\"><a href=\"https:\/\/torronsfelix.com\/wp-content\/uploads\/2020\/11\/torrons-felix-safata-seleccio-especialitats-selectes.jpg\"><img loading=\"lazy\" decoding=\"async\" loading=\"lazy\" width=\"600\" height=\"400\" src=\"https:\/\/torronsfelix.com\/wp-content\/uploads\/2020\/11\/torrons-felix-safata-seleccio-especialitats-selectes-600x400.jpg\" class=\"wp-post-image\" alt=\"\" title=\"turrones-felix-bandeja-seleccion-especialidades-selectas\" data-caption=\"\" data-src=\"https:\/\/torronsfelix.com\/wp-content\/uploads\/2020\/11\/torrons-felix-safata-seleccio-especialitats-selectes.jpg\" data-large_image=\"https:\/\/torronsfelix.com\/wp-content\/uploads\/2020\/11\/torrons-felix-safata-seleccio-especialitats-selectes.jpg\" data-large_image_width=\"1024\" data-large_image_height=\"682\" srcset=\"https:\/\/torronsfelix.com\/wp-content\/uploads\/2020\/11\/torrons-felix-safata-seleccio-especialitats-selectes-600x400.jpg 600w, https:\/\/torronsfelix.com\/wp-content\/uploads\/2020\/11\/torrons-felix-safata-seleccio-especialitats-selectes-300x200.jpg 300w, https:\/\/torronsfelix.com\/wp-content\/uploads\/2020\/11\/torrons-felix-safata-seleccio-especialitats-selectes-768x512.jpg 768w, https:\/\/torronsfelix.com\/wp-content\/uploads\/2020\/11\/torrons-felix-safata-seleccio-especialitats-selectes.jpg 1024w\" sizes=\"(max-width: 600px) 100vw, 600px\" \/><\/a><\/div>\t<\/div>\n<\/div>\n\t\t\t\t<\/div>\n\t\t\t\t<\/div>\n\t\t\t\t\t<\/div>\n\t\t<\/div>\n\t\t\t\t<div class=\"elementor-column elementor-col-50 elementor-top-column elementor-element elementor-element-cac580d\" data-id=\"cac580d\" data-element_type=\"column\">\n\t\t\t<div class=\"elementor-widget-wrap elementor-element-populated\">\n\t\t\t\t\t\t<section class=\"elementor-section elementor-inner-section elementor-element elementor-element-6d1ccef elementor-section-boxed elementor-section-height-default elementor-section-height-default\" data-id=\"6d1ccef\" data-element_type=\"section\">\n\t\t\t\t\t\t<div class=\"elementor-container elementor-column-gap-default\">\n\t\t\t\t\t<div class=\"elementor-column elementor-col-50 elementor-inner-column elementor-element elementor-element-bebc723\" data-id=\"bebc723\" data-element_type=\"column\">\n\t\t\t<div class=\"elementor-widget-wrap elementor-element-populated\">\n\t\t\t\t\t\t<div class=\"elementor-element elementor-element-e41bc46 elementor-widget elementor-widget-woocommerce-product-title elementor-page-title elementor-widget-heading\" data-id=\"e41bc46\" data-element_type=\"widget\" data-widget_type=\"woocommerce-product-title.default\">\n\t\t\t\t<div class=\"elementor-widget-container\">\n\t\t\t\t\t<h1 class=\"product_title entry-title elementor-heading-title elementor-size-default\">Bandeja selecci\u00f3n de especialidades selectas<\/h1>\t\t\t\t<\/div>\n\t\t\t\t<\/div>\n\t\t\t\t<div class=\"elementor-element elementor-element-3193d0d elementor-widget elementor-widget-woocommerce-product-price\" data-id=\"3193d0d\" data-element_type=\"widget\" data-widget_type=\"woocommerce-product-price.default\">\n\t\t\t\t<div class=\"elementor-widget-container\">\n\t\t\t\t\t<p class=\"price\"><span class=\"woocommerce-Price-amount amount\"><bdi>35,00<span class=\"woocommerce-Price-currencySymbol\">&euro;<\/span><\/bdi><\/span><\/p>\n\t\t\t\t<\/div>\n\t\t\t\t<\/div>\n\t\t\t\t\t<\/div>\n\t\t<\/div>\n\t\t\t\t<div class=\"elementor-column elementor-col-50 elementor-inner-column elementor-element elementor-element-963f028\" data-id=\"963f028\" data-element_type=\"column\">\n\t\t\t<div class=\"elementor-widget-wrap elementor-element-populated\">\n\t\t\t\t\t\t<div class=\"elementor-element elementor-element-8c0b7e5 elementor-add-to-cart--align-right e-add-to-cart--show-quantity-yes elementor-widget elementor-widget-woocommerce-product-add-to-cart\" data-id=\"8c0b7e5\" data-element_type=\"widget\" data-widget_type=\"woocommerce-product-add-to-cart.default\">\n\t\t\t\t<div class=\"elementor-widget-container\">\n\t\t\t\t\t\n\t\t<div class=\"elementor-add-to-cart elementor-product-simple\">\n\t\t\t\n\t\n\t<form class=\"cart\" action=\"https:\/\/torronsfelix.com\/es\/producte\/bandeja-seleccion-de-especialidades-selectas\/\" method=\"post\" enctype='multipart\/form-data'>\n\t\t\n\t\t<div class=\"quantity\">\n\t\t<label class=\"screen-reader-text\" for=\"quantity_69f397a1869ba\">Bandeja selecci\u00f3n de especialidades selectas cantidad<\/label>\n\t<input\n\t\ttype=\"number\"\n\t\t\t\tid=\"quantity_69f397a1869ba\"\n\t\tclass=\"input-text qty text\"\n\t\tname=\"quantity\"\n\t\tvalue=\"1\"\n\t\taria-label=\"Cantidad de productos\"\n\t\tsize=\"4\"\n\t\tmin=\"1\"\n\t\tmax=\"\"\n\t\t\t\t\tstep=\"1\"\n\t\t\tplaceholder=\"\"\n\t\t\tinputmode=\"numeric\"\n\t\t\tautocomplete=\"off\"\n\t\t\t\/>\n\t<\/div>\n\n\t\t<button type=\"submit\" name=\"add-to-cart\" value=\"58403\" class=\"single_add_to_cart_button button alt\">A\u00f1adir al carrito<\/button>\n\n\t\t\t<\/form>\n\n\t\n\t\t<\/div>\n\n\t\t\t\t\t\t<\/div>\n\t\t\t\t<\/div>\n\t\t\t\t\t<\/div>\n\t\t<\/div>\n\t\t\t\t\t<\/div>\n\t\t<\/section>\n\t\t\t\t<div class=\"elementor-element elementor-element-a97e276 elementor-widget elementor-widget-text-editor\" data-id=\"a97e276\" data-element_type=\"widget\" data-widget_type=\"text-editor.default\">\n\t\t\t\t<div class=\"elementor-widget-container\">\n\t\t\t\t\t\t\t\t\t<p>Selecci\u00f3n de especialidades selectas (25 unidades).<\/p>\n\t\t\t\t\t\t\t\t<\/div>\n\t\t\t\t<\/div>\n\t\t\t\t<div class=\"elementor-element elementor-element-1aa94e7 elementor-tabs-view-horizontal elementor-widget elementor-widget-tabs\" data-id=\"1aa94e7\" data-element_type=\"widget\" data-widget_type=\"tabs.default\">\n\t\t\t\t<div class=\"elementor-widget-container\">\n\t\t\t\t\t\t\t<div class=\"elementor-tabs\">\n\t\t\t<div class=\"elementor-tabs-wrapper\" role=\"tablist\" >\n\t\t\t\t\t\t\t\t\t<div id=\"elementor-tab-title-2791\" class=\"elementor-tab-title elementor-tab-desktop-title\" aria-selected=\"true\" data-tab=\"1\" role=\"tab\" tabindex=\"0\" aria-controls=\"elementor-tab-content-2791\" aria-expanded=\"false\">Descripci\u00f3n<\/div>\n\t\t\t\t\t\t\t\t\t<div id=\"elementor-tab-title-2792\" class=\"elementor-tab-title elementor-tab-desktop-title\" aria-selected=\"false\" data-tab=\"2\" role=\"tab\" tabindex=\"-1\" aria-controls=\"elementor-tab-content-2792\" aria-expanded=\"false\">Ingredientes<\/div>\n\t\t\t\t\t\t\t\t\t<div id=\"elementor-tab-title-2793\" class=\"elementor-tab-title elementor-tab-desktop-title\" aria-selected=\"false\" data-tab=\"3\" role=\"tab\" tabindex=\"-1\" aria-controls=\"elementor-tab-content-2793\" aria-expanded=\"false\">Al\u00e9rgenos<\/div>\n\t\t\t\t\t\t\t\t\t<div id=\"elementor-tab-title-2794\" class=\"elementor-tab-title elementor-tab-desktop-title\" aria-selected=\"false\" data-tab=\"4\" role=\"tab\" tabindex=\"-1\" aria-controls=\"elementor-tab-content-2794\" aria-expanded=\"false\">Conservaci\u00f3n<\/div>\n\t\t\t\t\t\t\t<\/div>\n\t\t\t<div class=\"elementor-tabs-content-wrapper\" role=\"tablist\" aria-orientation=\"vertical\">\n\t\t\t\t\t\t\t\t\t<div class=\"elementor-tab-title elementor-tab-mobile-title\" aria-selected=\"true\" data-tab=\"1\" role=\"tab\" tabindex=\"0\" aria-controls=\"elementor-tab-content-2791\" aria-expanded=\"false\">Descripci\u00f3n<\/div>\n\t\t\t\t\t<div id=\"elementor-tab-content-2791\" class=\"elementor-tab-content elementor-clearfix\" data-tab=\"1\" role=\"tabpanel\" aria-labelledby=\"elementor-tab-title-2791\" tabindex=\"0\" hidden=\"false\"><p class=\"p1\">Selecci\u00f3n de especialidades selectas (25 unidades).<\/p>\n<\/div>\n\t\t\t\t\t\t\t\t\t<div class=\"elementor-tab-title elementor-tab-mobile-title\" aria-selected=\"false\" data-tab=\"2\" role=\"tab\" tabindex=\"-1\" aria-controls=\"elementor-tab-content-2792\" aria-expanded=\"false\">Ingredientes<\/div>\n\t\t\t\t\t<div id=\"elementor-tab-content-2792\" class=\"elementor-tab-content elementor-clearfix\" data-tab=\"2\" role=\"tabpanel\" aria-labelledby=\"elementor-tab-title-2792\" tabindex=\"0\" hidden=\"hidden\"><\/div>\n\t\t\t\t\t\t\t\t\t<div class=\"elementor-tab-title elementor-tab-mobile-title\" aria-selected=\"false\" data-tab=\"3\" role=\"tab\" tabindex=\"-1\" aria-controls=\"elementor-tab-content-2793\" aria-expanded=\"false\">Al\u00e9rgenos<\/div>\n\t\t\t\t\t<div id=\"elementor-tab-content-2793\" class=\"elementor-tab-content elementor-clearfix\" data-tab=\"3\" role=\"tabpanel\" aria-labelledby=\"elementor-tab-title-2793\" tabindex=\"0\" hidden=\"hidden\"><p>Puede contener trazas de frutos secos, cacahuete, productos l\u00e1cteos y huevos.<\/p>\n<\/div>\n\t\t\t\t\t\t\t\t\t<div class=\"elementor-tab-title elementor-tab-mobile-title\" aria-selected=\"false\" data-tab=\"4\" role=\"tab\" tabindex=\"-1\" aria-controls=\"elementor-tab-content-2794\" aria-expanded=\"false\">Conservaci\u00f3n<\/div>\n\t\t\t\t\t<div id=\"elementor-tab-content-2794\" class=\"elementor-tab-content elementor-clearfix\" data-tab=\"4\" role=\"tabpanel\" aria-labelledby=\"elementor-tab-title-2794\" tabindex=\"0\" hidden=\"hidden\"><p>Conservar en sitio fresco y seco. Evitar una exposici\u00f3n solar. <\/p>\n<\/div>\n\t\t\t\t\t\t\t<\/div>\n\t\t<\/div>\n\t\t\t\t\t\t<\/div>\n\t\t\t\t<\/div>\n\t\t\t\t\t<\/div>\n\t\t<\/div>\n\t\t\t\t\t<\/div>\n\t\t<\/section>\n\t\t\t\t<section class=\"elementor-section elementor-top-section elementor-element elementor-element-430c24b elementor-section-stretched elementor-section-boxed elementor-section-height-default elementor-section-height-default\" data-id=\"430c24b\" data-element_type=\"section\" data-settings=\"{&quot;stretch_section&quot;:&quot;section-stretched&quot;,&quot;background_background&quot;:&quot;classic&quot;}\">\n\t\t\t\t\t\t<div class=\"elementor-container elementor-column-gap-default\">\n\t\t\t\t\t<div class=\"elementor-column elementor-col-100 elementor-top-column elementor-element elementor-element-4cf75e1\" data-id=\"4cf75e1\" data-element_type=\"column\">\n\t\t\t<div class=\"elementor-widget-wrap elementor-element-populated\">\n\t\t\t\t\t\t<section class=\"elementor-section elementor-inner-section elementor-element elementor-element-3589f84 elementor-section-boxed elementor-section-height-default elementor-section-height-default\" data-id=\"3589f84\" data-element_type=\"section\">\n\t\t\t\t\t\t<div class=\"elementor-container elementor-column-gap-default\">\n\t\t\t\t\t<div class=\"elementor-column elementor-col-33 elementor-inner-column elementor-element elementor-element-c4f3ea6\" data-id=\"c4f3ea6\" data-element_type=\"column\">\n\t\t\t<div class=\"elementor-widget-wrap elementor-element-populated\">\n\t\t\t\t\t\t<div class=\"elementor-element elementor-element-8383f8e elementor-widget-divider--view-line elementor-widget elementor-widget-divider\" data-id=\"8383f8e\" data-element_type=\"widget\" data-widget_type=\"divider.default\">\n\t\t\t\t<div class=\"elementor-widget-container\">\n\t\t\t\t\t\t\t<div class=\"elementor-divider\">\n\t\t\t<span class=\"elementor-divider-separator\">\n\t\t\t\t\t\t<\/span>\n\t\t<\/div>\n\t\t\t\t\t\t<\/div>\n\t\t\t\t<\/div>\n\t\t\t\t\t<\/div>\n\t\t<\/div>\n\t\t\t\t<div class=\"elementor-column elementor-col-33 elementor-inner-column elementor-element elementor-element-5f688c3\" data-id=\"5f688c3\" data-element_type=\"column\">\n\t\t\t<div class=\"elementor-widget-wrap elementor-element-populated\">\n\t\t\t\t\t\t<div class=\"elementor-element elementor-element-00da89b elementor-widget elementor-widget-heading\" data-id=\"00da89b\" data-element_type=\"widget\" data-widget_type=\"heading.default\">\n\t\t\t\t<div class=\"elementor-widget-container\">\n\t\t\t\t\t<span class=\"elementor-heading-title elementor-size-default\">\u00bfSIGUES CON GANAS DE DULCE?<\/span>\t\t\t\t<\/div>\n\t\t\t\t<\/div>\n\t\t\t\t\t<\/div>\n\t\t<\/div>\n\t\t\t\t<div class=\"elementor-column elementor-col-33 elementor-inner-column elementor-element elementor-element-d38d811\" data-id=\"d38d811\" data-element_type=\"column\">\n\t\t\t<div class=\"elementor-widget-wrap elementor-element-populated\">\n\t\t\t\t\t\t<div class=\"elementor-element elementor-element-97fae68 elementor-widget-divider--view-line elementor-widget elementor-widget-divider\" data-id=\"97fae68\" data-element_type=\"widget\" data-widget_type=\"divider.default\">\n\t\t\t\t<div class=\"elementor-widget-container\">\n\t\t\t\t\t\t\t<div class=\"elementor-divider\">\n\t\t\t<span class=\"elementor-divider-separator\">\n\t\t\t\t\t\t<\/span>\n\t\t<\/div>\n\t\t\t\t\t\t<\/div>\n\t\t\t\t<\/div>\n\t\t\t\t\t<\/div>\n\t\t<\/div>\n\t\t\t\t\t<\/div>\n\t\t<\/section>\n\t\t\t\t<div class=\"elementor-element elementor-element-7bd7167 elementor-grid-4 elementor-grid-tablet-3 elementor-grid-mobile-2 elementor-products-grid elementor-wc-products elementor-widget elementor-widget-woocommerce-product-related\" data-id=\"7bd7167\" data-element_type=\"widget\" data-widget_type=\"woocommerce-product-related.default\">\n\t\t\t\t<div class=\"elementor-widget-container\">\n\t\t\t\t\t\n\t<section class=\"related products\">\n\n\t\t\t\t\t<h2>Productos relacionados<\/h2>\n\t\t\t\t\n\t\t<ul class=\"products elementor-grid columns-4\">\n\n\t\t\t\n\t\t\t\t\t<li class=\"product type-product post-58414 status-publish first instock product_cat-seleccion-de-dulces has-post-thumbnail purchasable product-type-simple\">\n\t<a href=\"https:\/\/torronsfelix.com\/es\/producte\/locuras-de-chocolate\/\" class=\"woocommerce-LoopProduct-link woocommerce-loop-product__link\"><img fetchpriority=\"high\" decoding=\"async\" width=\"300\" height=\"300\" src=\"https:\/\/torronsfelix.com\/wp-content\/uploads\/2020\/11\/bogeries-de-xocolata-300x300.jpg\" class=\"attachment-woocommerce_thumbnail size-woocommerce_thumbnail\" alt=\"\" srcset=\"https:\/\/torronsfelix.com\/wp-content\/uploads\/2020\/11\/bogeries-de-xocolata-300x300.jpg 300w, https:\/\/torronsfelix.com\/wp-content\/uploads\/2020\/11\/bogeries-de-xocolata-150x150.jpg 150w, https:\/\/torronsfelix.com\/wp-content\/uploads\/2020\/11\/bogeries-de-xocolata-100x100.jpg 100w\" sizes=\"(max-width: 300px) 100vw, 300px\" \/><h2 class=\"woocommerce-loop-product__title\">Locuras de chocolate<\/h2>\n\t<span class=\"price\"><span class=\"woocommerce-Price-amount amount\"><bdi>4,00<span class=\"woocommerce-Price-currencySymbol\">&euro;<\/span><\/bdi><\/span><\/span>\n<\/a><a href=\"?add-to-cart=58414\" aria-describedby=\"woocommerce_loop_add_to_cart_link_describedby_58414\" data-quantity=\"1\" class=\"button product_type_simple add_to_cart_button ajax_add_to_cart\" data-product_id=\"58414\" data-product_sku=\"1c383cd30b7c\" aria-label=\"A\u00f1adir al carrito: &ldquo;Locuras de chocolate&rdquo;\" rel=\"nofollow\">A\u00f1adir al carrito<\/a><span id=\"woocommerce_loop_add_to_cart_link_describedby_58414\" class=\"screen-reader-text\">\n\t<\/span>\n<\/li>\n\n\t\t\t\n\t\t\t\t\t<li class=\"product type-product post-58028 status-publish instock product_cat-seleccion-de-dulces has-post-thumbnail taxable shipping-taxable purchasable product-type-simple\">\n\t<a href=\"https:\/\/torronsfelix.com\/es\/producte\/caja-bombones-duo\/\" class=\"woocommerce-LoopProduct-link woocommerce-loop-product__link\"><img decoding=\"async\" width=\"300\" height=\"300\" data-src=\"https:\/\/torronsfelix.com\/wp-content\/uploads\/2022\/09\/CAIXES-REGAL.-CAIXA-DUO-300x300.jpg\" class=\"attachment-woocommerce_thumbnail size-woocommerce_thumbnail lazyload\" alt=\"\" data-srcset=\"https:\/\/torronsfelix.com\/wp-content\/uploads\/2022\/09\/CAIXES-REGAL.-CAIXA-DUO-300x300.jpg 300w, https:\/\/torronsfelix.com\/wp-content\/uploads\/2022\/09\/CAIXES-REGAL.-CAIXA-DUO-150x150.jpg 150w, https:\/\/torronsfelix.com\/wp-content\/uploads\/2022\/09\/CAIXES-REGAL.-CAIXA-DUO-100x100.jpg 100w\" data-sizes=\"(max-width: 300px) 100vw, 300px\" src=\"data:image\/gif;base64,R0lGODlhAQABAAAAACH5BAEKAAEALAAAAAABAAEAAAICTAEAOw==\" style=\"--smush-placeholder-width: 300px; --smush-placeholder-aspect-ratio: 300\/300;\" \/><h2 class=\"woocommerce-loop-product__title\">Caja bombones d\u00fao<\/h2>\n\t<span class=\"price\"><span class=\"woocommerce-Price-amount amount\"><bdi>29,00<span class=\"woocommerce-Price-currencySymbol\">&euro;<\/span><\/bdi><\/span><\/span>\n<\/a><a href=\"?add-to-cart=58028\" aria-describedby=\"woocommerce_loop_add_to_cart_link_describedby_58028\" data-quantity=\"1\" class=\"button product_type_simple add_to_cart_button ajax_add_to_cart\" data-product_id=\"58028\" data-product_sku=\"\" aria-label=\"A\u00f1adir al carrito: &ldquo;Caja bombones d\u00fao&rdquo;\" rel=\"nofollow\">A\u00f1adir al carrito<\/a><span id=\"woocommerce_loop_add_to_cart_link_describedby_58028\" class=\"screen-reader-text\">\n\t<\/span>\n<\/li>\n\n\t\t\t\n\t\t\t\t\t<li class=\"product type-product post-58425 status-publish instock product_cat-seleccion-de-dulces has-post-thumbnail purchasable product-type-simple\">\n\t<a href=\"https:\/\/torronsfelix.com\/es\/producte\/barquillos-tradicionales\/\" class=\"woocommerce-LoopProduct-link woocommerce-loop-product__link\"><img decoding=\"async\" width=\"300\" height=\"300\" data-src=\"https:\/\/torronsfelix.com\/wp-content\/uploads\/2020\/11\/neules_tradicionals_torrons_felix_agramunt-300x300.jpg\" class=\"attachment-woocommerce_thumbnail size-woocommerce_thumbnail lazyload\" alt=\"\" data-srcset=\"https:\/\/torronsfelix.com\/wp-content\/uploads\/2020\/11\/neules_tradicionals_torrons_felix_agramunt-300x300.jpg 300w, https:\/\/torronsfelix.com\/wp-content\/uploads\/2020\/11\/neules_tradicionals_torrons_felix_agramunt-150x150.jpg 150w, https:\/\/torronsfelix.com\/wp-content\/uploads\/2020\/11\/neules_tradicionals_torrons_felix_agramunt-550x550.jpg 550w, https:\/\/torronsfelix.com\/wp-content\/uploads\/2020\/11\/neules_tradicionals_torrons_felix_agramunt-100x100.jpg 100w\" data-sizes=\"(max-width: 300px) 100vw, 300px\" src=\"data:image\/gif;base64,R0lGODlhAQABAAAAACH5BAEKAAEALAAAAAABAAEAAAICTAEAOw==\" style=\"--smush-placeholder-width: 300px; --smush-placeholder-aspect-ratio: 300\/300;\" \/><h2 class=\"woocommerce-loop-product__title\">Barquillos tradicionales<\/h2>\n\t<span class=\"price\"><span class=\"woocommerce-Price-amount amount\"><bdi>13,00<span class=\"woocommerce-Price-currencySymbol\">&euro;<\/span><\/bdi><\/span><\/span>\n<\/a><a href=\"?add-to-cart=58425\" aria-describedby=\"woocommerce_loop_add_to_cart_link_describedby_58425\" data-quantity=\"1\" class=\"button product_type_simple add_to_cart_button ajax_add_to_cart\" data-product_id=\"58425\" data-product_sku=\"34173cb38f07\" aria-label=\"A\u00f1adir al carrito: &ldquo;Barquillos tradicionales&rdquo;\" rel=\"nofollow\">A\u00f1adir al carrito<\/a><span id=\"woocommerce_loop_add_to_cart_link_describedby_58425\" class=\"screen-reader-text\">\n\t<\/span>\n<\/li>\n\n\t\t\t\n\t\t\t\t\t<li class=\"product type-product post-58175 status-publish last instock product_cat-seleccion-de-dulces has-post-thumbnail taxable shipping-taxable purchasable product-type-simple\">\n\t<a href=\"https:\/\/torronsfelix.com\/es\/producte\/almendras-con-chocolate-y-cacao\/\" class=\"woocommerce-LoopProduct-link woocommerce-loop-product__link\"><img decoding=\"async\" width=\"300\" height=\"300\" data-src=\"https:\/\/torronsfelix.com\/wp-content\/uploads\/2022\/09\/ametlles-amb-xocolata-300x300.jpg\" class=\"attachment-woocommerce_thumbnail size-woocommerce_thumbnail lazyload\" alt=\"\" data-srcset=\"https:\/\/torronsfelix.com\/wp-content\/uploads\/2022\/09\/ametlles-amb-xocolata-300x300.jpg 300w, https:\/\/torronsfelix.com\/wp-content\/uploads\/2022\/09\/ametlles-amb-xocolata-150x150.jpg 150w, https:\/\/torronsfelix.com\/wp-content\/uploads\/2022\/09\/ametlles-amb-xocolata-100x100.jpg 100w\" data-sizes=\"(max-width: 300px) 100vw, 300px\" src=\"data:image\/gif;base64,R0lGODlhAQABAAAAACH5BAEKAAEALAAAAAABAAEAAAICTAEAOw==\" style=\"--smush-placeholder-width: 300px; --smush-placeholder-aspect-ratio: 300\/300;\" \/><h2 class=\"woocommerce-loop-product__title\">Almendras con chocolate y cacao<\/h2>\n\t<span class=\"price\"><span class=\"woocommerce-Price-amount amount\"><bdi>14,00<span class=\"woocommerce-Price-currencySymbol\">&euro;<\/span><\/bdi><\/span><\/span>\n<\/a><a href=\"?add-to-cart=58175\" aria-describedby=\"woocommerce_loop_add_to_cart_link_describedby_58175\" data-quantity=\"1\" class=\"button product_type_simple add_to_cart_button ajax_add_to_cart\" data-product_id=\"58175\" data-product_sku=\"\" aria-label=\"A\u00f1adir al carrito: &ldquo;Almendras con chocolate y cacao&rdquo;\" rel=\"nofollow\">A\u00f1adir al carrito<\/a><span id=\"woocommerce_loop_add_to_cart_link_describedby_58175\" class=\"screen-reader-text\">\n\t<\/span>\n<\/li>\n\n\t\t\t\n\t\t<\/ul>\n\n\t<\/section>\n\t\t\t\t\t<\/div>\n\t\t\t\t<\/div>\n\t\t\t\t\t<\/div>\n\t\t<\/div>\n\t\t\t\t\t<\/div>\n\t\t<\/section>\n\t\t\t\t<\/div>\n\t\t","protected":false},"excerpt":{"rendered":"<p>Selecci\u00f3n de especialidades selectas (25 unidades). Descripci\u00f3n Ingredientes Al\u00e9rgenos Conservaci\u00f3n Descripci\u00f3n Selecci\u00f3n de especialidades selectas (25 unidades). Ingredientes Al\u00e9rgenos Puede contener trazas de frutos secos, cacahuete, productos l\u00e1cteos y huevos. Conservaci\u00f3n Conservar en sitio fresco y seco. Evitar una exposici\u00f3n solar. \u00bfSIGUES CON GANAS DE DULCE?<\/p>\n","protected":false},"featured_media":58927,"template":"elementor_header_footer","meta":{"_acf_changed":false},"product_cat":[1728,1722],"product_tag":[],"class_list":{"0":"post-58403","1":"product","2":"type-product","3":"status-publish","4":"has-post-thumbnail","6":"product_cat-cajas-para-regalar","7":"product_cat-seleccion-de-dulces","9":"first","10":"instock","11":"purchasable","12":"product-type-simple"},"acf":[],"_links":{"self":[{"href":"https:\/\/torronsfelix.com\/es\/wp-json\/wp\/v2\/product\/58403"}],"collection":[{"href":"https:\/\/torronsfelix.com\/es\/wp-json\/wp\/v2\/product"}],"about":[{"href":"https:\/\/torronsfelix.com\/es\/wp-json\/wp\/v2\/types\/product"}],"version-history":[{"count":3,"href":"https:\/\/torronsfelix.com\/es\/wp-json\/wp\/v2\/product\/58403\/revisions"}],"predecessor-version":[{"id":58939,"href":"https:\/\/torronsfelix.com\/es\/wp-json\/wp\/v2\/product\/58403\/revisions\/58939"}],"wp:featuredmedia":[{"embeddable":true,"href":"https:\/\/torronsfelix.com\/es\/wp-json\/wp\/v2\/media\/58927"}],"wp:attachment":[{"href":"https:\/\/torronsfelix.com\/es\/wp-json\/wp\/v2\/media?parent=58403"}],"wp:term":[{"taxonomy":"product_cat","embeddable":true,"href":"https:\/\/torronsfelix.com\/es\/wp-json\/wp\/v2\/product_cat?post=58403"},{"taxonomy":"product_tag","embeddable":true,"href":"https:\/\/torronsfelix.com\/es\/wp-json\/wp\/v2\/product_tag?post=58403"}],"curies":[{"name":"wp","href":"https:\/\/api.w.org\/{rel}","templated":true}]}}